{"id":35,"date":"2019-08-05T20:28:46","date_gmt":"2019-08-05T20:28:46","guid":{"rendered":"http:\/\/dv-russland.de\/?page_id=35"},"modified":"2023-04-12T10:36:24","modified_gmt":"2023-04-12T10:36:24","slug":"35-2","status":"publish","type":"page","link":"https:\/\/dv-russland.de\/cs\/","title":{"rendered":"N\u011bmeck\u00fd konzul\u00e1t v Petrohrad\u011b"},"content":{"rendered":"<p>[vc_row css=&#8220;.vc_custom_1565178024658{margin-top: 0px !important;}&#8220; el_class=&#8220;vc_hidden-sm vc_hidden-xs&#8220;][vc_column width=&#8220;1\/3&#8243;][vc_column_text css=&#8220;.vc_custom_1598677898321{margin-left: 10px !important;}&#8220;]<span style=\"font-size: 14pt;\"><img loading=\"lazy\" decoding=\"async\" class=\"size-full wp-image-45 alignleft\" src=\"http:\/\/dv-russland.de\/wp-content\/uploads\/2019\/08\/Coat_of_arms_of_Germanyvery-small.png\" alt=\"\" width=\"50\" height=\"65\" \/><\/span><\/p>\n<p>N\u011bmeck\u00e1 Ambas\u00e1da v Rusku<\/p>\n<p><span style=\"font-size: 14pt;\">\u00a0<\/span>[\/vc_column_text][\/vc_column][vc_column width=&#8220;1\/6&#8243;][\/vc_column][vc_column width=&#8220;1\/12&#8243;][vc_single_image image=&#8220;175&#8243; alignment=&#8220;right&#8220; css=&#8220;.vc_custom_1565178937279{margin-top: 15px !important;}&#8220;][\/vc_column][vc_column width=&#8220;1\/6&#8243;][vc_column_text]<a href=\"#popmake-384\"><strong>Sjedn\u00e1n\u00ed sch\u016fzky<\/strong><\/a>[\/vc_column_text][\/vc_column][vc_column width=&#8220;1\/12&#8243;][vc_single_image image=&#8220;179&#8243; img_size=&#8220;full&#8220; alignment=&#8220;right&#8220; css=&#8220;.vc_custom_1565178642062{margin-top: 15px !important;}&#8220;][\/vc_column][vc_column width=&#8220;1\/6&#8243;][vc_column_text css=&#8220;.vc_custom_1598679720278{margin-top: 0px !important;margin-right: 0px !important;margin-bottom: 0px !important;margin-left: 0px !important;padding-top: 0px !important;padding-right: 0px !important;padding-bottom: 0px !important;padding-left: 0px !important;}&#8220;]<a href=\"http:\/\/dv-russland.de\/cs\/mitarbeiter-login\"><strong>P\u0159ihl\u00e1\u0161en\u00ed zam\u011bstnance<\/strong><\/a>[\/vc_column_text][\/vc_column][\/vc_row][vc_row css=&#8220;.vc_custom_1565129853487{margin-top: 10px !important;}&#8220; el_class=&#8220;vc_hidden-lg vc_hidden-md&#8220;][vc_column][vc_column_text]<span style=\"font-size: 14pt;\"><img loading=\"lazy\" decoding=\"async\" class=\"size-full wp-image-45 alignleft\" src=\"http:\/\/dv-russland.de\/wp-content\/uploads\/2019\/08\/Coat_of_arms_of_Germanyvery-small.png\" alt=\"\" width=\"50\" height=\"65\" \/><\/span><\/p>\n<p><span style=\"font-size: 14pt;\">N\u011bmeck\u00e1 Ambas\u00e1da v Rusku<\/span>[\/vc_column_text][vc_separator border_width=&#8220;2&#8243;][\/vc_column][\/vc_row][vc_row css=&#8220;.vc_custom_1565129853487{margin-top: 10px !important;}&#8220; el_class=&#8220;vc_hidden-lg vc_hidden-md&#8220;][vc_column width=&#8220;1\/2&#8243;][vc_column_text]<span style=\"font-size: 12pt;\"><a href=\"#popmake-70\"><strong><img loading=\"lazy\" decoding=\"async\" class=\"size-full wp-image-175 alignleft\" src=\"http:\/\/dv-russland.de\/wp-content\/uploads\/2019\/08\/termin-small.png\" alt=\"\" width=\"51\" height=\"51\" \/>Sjedn\u00e1n\u00ed sch\u016fzky<\/strong><\/a><\/span>[\/vc_column_text][\/vc_column][vc_column width=&#8220;1\/2&#8243;][vc_column_text]<span style=\"font-size: 12pt;\"><a href=\"http:\/\/dv-russland.de\/cs\/mitarbeiter-login\"><strong><img loading=\"lazy\" decoding=\"async\" class=\"size-full wp-image-179 alignleft\" src=\"http:\/\/dv-russland.de\/wp-content\/uploads\/2019\/08\/login-small2.png\" alt=\"\" width=\"51\" height=\"51\" \/>P\u0159ihl\u00e1\u0161en\u00ed zam\u011bstnance<\/strong><\/a><\/span>[\/vc_column_text][\/vc_column][\/vc_row][vc_row][vc_column][vc_separator border_width=&#8220;2&#8243; css=&#8220;.vc_custom_1565038314621{margin: 0px !important;padding: 0px !important;border: 0px initial !important;}&#8220;][\/vc_column][\/vc_row][vc_row css=&#8220;.vc_custom_1565038301675{margin: 0px !important;padding: 0px !important;border: 0px initial !important;}&#8220;][vc_column css=&#8220;.vc_custom_1565038287578{margin: 0px !important;padding: 0px !important;border: 0px initial !important;}&#8220;][vc_column_text]<\/p>\n<p style=\"text-align: center;\"><span style=\"font-size: 24pt;\">N\u011bmeck\u00fd konzul\u00e1t v Petrohrad\u011b<\/span><\/p>\n<p>[\/vc_column_text][vc_single_image image=&#8220;46&#8243; img_size=&#8220;full&#8220; alignment=&#8220;center&#8220;][vc_row_inner][vc_column_inner width=&#8220;1\/2&#8243; css=&#8220;.vc_custom_1565039019984{background-color: #dde8dc !important;}&#8220;][vc_column_text css=&#8220;.vc_custom_1565179078851{margin-left: 50px !important;}&#8220;]<\/p>\n<h1 class=\"heading__title\" style=\"text-align: left;\"><span class=\"heading__title-text\" style=\"font-size: 18pt;\">N\u011bmeck\u00fd konzul\u00e1t v Petrohrad\u011b. V\u00edzov\u00e9, konzul\u00e1rn\u00ed a pasov\u00e9 informace<br \/>\n<\/span><\/h1>\n<p style=\"text-align: left;\"><strong>Slu\u017eba:<\/strong><\/p>\n<ul style=\"text-align: left;\">\n<li style=\"text-align: left;\">Slu\u017eba: V\u00edza a vstup<\/li>\n<li style=\"text-align: left;\">Cestovn\u00ed pas<\/li>\n<li style=\"text-align: left;\">Pr\u016fkaz toto\u017enosti<\/li>\n<li style=\"text-align: left;\">N\u00e1rodnost<\/li>\n<li style=\"text-align: left;\">\u017divotn\u00ed ud\u00e1losti:\n<ul style=\"text-align: left;\">\n<li>Svatba<\/li>\n<li>Rozvod<\/li>\n<li>Nov\u00e9 ustanoven\u00ed pro ur\u010den\u00ed majetkov\u00e9ho vztahu man\u017eel\u016f po rozvodu<\/li>\n<li>Ozn\u00e1men\u00ed o narozen\u00ed a zaps\u00e1n\u00ed jm\u00e9na<\/li>\n<li>Osvojen\u00ed<\/li>\n<li>Informace o n\u00e1hradn\u00edm mate\u0159stv\u00ed<\/li>\n<li>D\u016fchod<\/li>\n<li>\u00damrt\u00ed<\/li>\n<\/ul>\n<\/li>\n<li style=\"text-align: left;\">Not\u00e1\u0159sk\u00e9 z\u00e1pisy, potvrzen\u00ed a osv\u011bd\u010den\u00ed\n<ul style=\"text-align: left;\">\n<li>Not\u00e1\u0159sk\u00e9 z\u00e1pisy a osv\u011bd\u010den\u00ed<\/li>\n<li>Apostila nebo legalizace<\/li>\n<li>Ov\u011b\u0159ov\u00e1n\u00ed doklad\u016f<\/li>\n<li>V\u00fdpis z rejst\u0159\u00edku trest\u016f<\/li>\n<\/ul>\n<\/li>\n<\/ul>\n<p>[\/vc_column_text][\/vc_column_inner][vc_column_inner width=&#8220;1\/2&#8243; css=&#8220;.vc_custom_1565038980287{background-color: #ced7ed !important;}&#8220;][vc_column_text css=&#8220;.vc_custom_1565179185822{margin-top: 0px !important;margin-right: 0px !important;margin-bottom: 0px !important;margin-left: 0px !important;padding-top: 0px !important;padding-right: 0px !important;padding-bottom: 0px !important;padding-left: 0px !important;}&#8220;]<\/p>\n<h1 class=\"heading__title\"><span class=\"heading__title-text\" style=\"font-size: 18pt;\">Adresa a otev\u00edrac\u00ed doba<\/span><\/h1>\n<p><span style=\"font-size: 14pt;\"><strong class=\"rte__strong\">Upozorn\u011bn\u00ed: \u00a0<\/strong><\/span><br \/>\n<span style=\"font-size: 14pt;\">Do budovy gener\u00e1ln\u00edho konzul\u00e1tu nen\u00ed dovoleno vn\u00e1\u0161et mobiln\u00ed telefony, po\u010d\u00edta\u010de, tablety, fotoapar\u00e1ty, nahr\u00e1vac\u00ed za\u0159\u00edzen\u00ed, zavazadla, zbran\u011b, ostr\u00e9 nebo \u0161pi\u010dat\u00e9 p\u0159edm\u011bty a tekutiny.<\/span><\/p>\n<h4 class=\"rte__heading4\"><span style=\"font-size: 14pt;\">Ozna\u010den\u00ed<\/span><\/h4>\n<p class=\"rte__paragraph\"><span style=\"font-size: 14pt;\">Gener\u00e1ln\u00ed konzul\u00e1t Spolkov\u00e9 republiky N\u011bmecko v Petrohrad\u011b<\/span><\/p>\n<h4 class=\"rte__heading4\"><span style=\"font-size: 14pt;\">Vedouc\u00ed<\/span><\/h4>\n<p class=\"rte__paragraph\">Dr. Maria Aberhold,<\/p>\n<h4 class=\"rte__paragraph\"><span style=\"font-size: 14pt;\">Adresa<\/span><\/h4>\n<p class=\"rte__paragraph\">Furschtatskaja uliza, 39b, 191123 Sankt Petersburg<\/p>\n<h4 class=\"rte__heading4\"><span style=\"font-size: 14pt;\">Spr\u00e1vn\u00ed obvod \/ konzul\u00e1rn\u00ed obvod<\/span><\/h4>\n<p class=\"rte__paragraph\">Hlavn\u00ed m\u011bsto oblasti: Petrohrad.<br \/>\nRepubliky Kar\u00e9lie a Komi.<br \/>\nAdministrativn\u00ed oblasti: Archangelsk, Leningrad, Murmansk, Novgorod, Pskov a Vologda.<br \/>\nNenetsk\u00e1 autonomn\u00ed oblast.<\/p>\n<p>&nbsp;<\/p>\n<div>\n<p class=\"rte__paragraph\">\n<\/div>\n<p>[\/vc_column_text][\/vc_column_inner][\/vc_row_inner][\/vc_column][\/vc_row]<\/p>\n","protected":false},"excerpt":{"rendered":"<p>[vc_row css=&#8220;.vc_custom_1565178024658{margin-top: 0px !important;}&#8220; el_class=&#8220;vc_hidden-sm vc_hidden-xs&#8220;][vc_column width=&#8220;1\/3&#8243;][vc_column_text css=&#8220;.vc_custom_1598677898321{margin-left: 10px !important;}&#8220;] N\u011bmeck\u00e1 Ambas\u00e1da v Rusku \u00a0[\/vc_column_text][\/vc_column][vc_column width=&#8220;1\/6&#8243;][\/vc_column][vc_column width=&#8220;1\/12&#8243;][vc_single_image image=&#8220;175&#8243; alignment=&#8220;right&#8220; css=&#8220;.vc_custom_1565178937279{margin-top: 15px !important;}&#8220;][\/vc_column][vc_column width=&#8220;1\/6&#8243;][vc_column_text]Sjedn\u00e1n\u00ed sch\u016fzky[\/vc_column_text][\/vc_column][vc_column width=&#8220;1\/12&#8243;][vc_single_image image=&#8220;179&#8243; img_size=&#8220;full&#8220; alignment=&#8220;right&#8220; css=&#8220;.vc_custom_1565178642062{margin-top: 15px !important;}&#8220;][\/vc_column][vc_column width=&#8220;1\/6&#8243;][vc_column_text css=&#8220;.vc_custom_1598679720278{margin-top: 0px !important;margin-right: 0px !important;margin-bottom: 0px !important;margin-left: 0px !important;padding-top: 0px !important;padding-right: 0px !important;padding-bottom: 0px !important;padding-left: 0px !important;}&#8220;]P\u0159ihl\u00e1\u0161en\u00ed zam\u011bstnance[\/vc_column_text][\/vc_column][\/vc_row][vc_row css=&#8220;.vc_custom_1565129853487{margin-top: 10px !important;}&#8220; el_class=&#8220;vc_hidden-lg vc_hidden-md&#8220;][vc_column][vc_column_text] &hellip; <\/p>\n<p class=\"link-more\"><a href=\"https:\/\/dv-russland.de\/cs\/\" class=\"more-link\">Pokra\u010dovat ve \u010dten\u00ed<span class=\"screen-reader-text\"> &#8222;N\u011bmeck\u00fd konzul\u00e1t v Petrohrad\u011b&#8220;<\/span><\/a><\/p>\n","protected":false},"author":1,"featured_media":0,"parent":0,"menu_order":0,"comment_status":"closed","ping_status":"closed","template":"template-page-builder.php","meta":{"footnotes":""},"class_list":["post-35","page","type-page","status-publish","hentry","entry"],"_links":{"self":[{"href":"https:\/\/dv-russland.de\/cs\/wp-json\/wp\/v2\/pages\/35"}],"collection":[{"href":"https:\/\/dv-russland.de\/cs\/wp-json\/wp\/v2\/pages"}],"about":[{"href":"https:\/\/dv-russland.de\/cs\/wp-json\/wp\/v2\/types\/page"}],"author":[{"embeddable":true,"href":"https:\/\/dv-russland.de\/cs\/wp-json\/wp\/v2\/users\/1"}],"replies":[{"embeddable":true,"href":"https:\/\/dv-russland.de\/cs\/wp-json\/wp\/v2\/comments?post=35"}],"version-history":[{"count":62,"href":"https:\/\/dv-russland.de\/cs\/wp-json\/wp\/v2\/pages\/35\/revisions"}],"predecessor-version":[{"id":165,"href":"https:\/\/dv-russland.de\/cs\/wp-json\/wp\/v2\/pages\/35\/revisions\/165"}],"wp:attachment":[{"href":"https:\/\/dv-russland.de\/cs\/wp-json\/wp\/v2\/media?parent=35"}],"curies":[{"name":"wp","href":"https:\/\/api.w.org\/{rel}","templated":true}]}}