{"id":35,"date":"2019-08-05T20:28:46","date_gmt":"2019-08-05T20:28:46","guid":{"rendered":"http:\/\/dv-russland.de\/?page_id=35"},"modified":"2023-04-12T10:36:24","modified_gmt":"2023-04-12T10:36:24","slug":"35-2","status":"publish","type":"page","link":"https:\/\/dv-russland.de\/fr\/","title":{"rendered":"Deutsches Konsulat Sankt Petersburg"},"content":{"rendered":"<p>[vc_row css=\u00a0\u00bb.vc_custom_1565178024658{margin-top: 0px !important;}\u00a0\u00bb el_class=\u00a0\u00bbvc_hidden-sm vc_hidden-xs\u00a0\u00bb][vc_column width=\u00a0\u00bb1\/3&Prime;][vc_column_text css=\u00a0\u00bb.vc_custom_1642461416320{margin-left: 10px !important;}\u00a0\u00bb]<span style=\"font-size: 14pt;\"><img loading=\"lazy\" decoding=\"async\" class=\"size-full wp-image-45 alignleft\" src=\"http:\/\/dv-russland.de\/wp-content\/uploads\/2019\/08\/Coat_of_arms_of_Germanyvery-small.png\" alt=\"\" width=\"50\" height=\"65\" \/><\/span><\/p>\n<p>Missions allemandes en Russie<\/p>\n<p><span style=\"font-size: 14pt;\">\u00a0<\/span>[\/vc_column_text][\/vc_column][vc_column width=\u00a0\u00bb1\/6&Prime;][\/vc_column][vc_column width=\u00a0\u00bb1\/12&Prime;][vc_single_image image=\u00a0\u00bb175&Prime; alignment=\u00a0\u00bbright\u00a0\u00bb css=\u00a0\u00bb.vc_custom_1565178937279{margin-top: 15px !important;}\u00a0\u00bb][\/vc_column][vc_column width=\u00a0\u00bb1\/6&Prime;][vc_column_text]<a href=\"#popmake-335\"><strong>Demander un rendez-vous<\/strong><\/a>[\/vc_column_text][\/vc_column][vc_column width=\u00a0\u00bb1\/12&Prime;][vc_single_image image=\u00a0\u00bb179&Prime; img_size=\u00a0\u00bbfull\u00a0\u00bb alignment=\u00a0\u00bbright\u00a0\u00bb css=\u00a0\u00bb.vc_custom_1565178642062{margin-top: 15px !important;}\u00a0\u00bb][\/vc_column][vc_column width=\u00a0\u00bb1\/6&Prime;][vc_column_text css=\u00a0\u00bb.vc_custom_1642461481914{margin-top: 0px !important;margin-right: 0px !important;margin-bottom: 0px !important;margin-left: 0px !important;padding-top: 0px !important;padding-right: 0px !important;padding-bottom: 0px !important;padding-left: 0px !important;}\u00a0\u00bb]<a href=\"http:\/\/dv-russland.de\/fr\/mitarbeiter-login\"><strong>Connexion Employ\u00e9<\/strong><\/a>[\/vc_column_text][\/vc_column][\/vc_row][vc_row css=\u00a0\u00bb.vc_custom_1565129853487{margin-top: 10px !important;}\u00a0\u00bb el_class=\u00a0\u00bbvc_hidden-lg vc_hidden-md\u00a0\u00bb][vc_column][vc_column_text]<span style=\"font-size: 14pt;\"><img loading=\"lazy\" decoding=\"async\" class=\"size-full wp-image-45 alignleft\" src=\"http:\/\/dv-russland.de\/wp-content\/uploads\/2019\/08\/Coat_of_arms_of_Germanyvery-small.png\" alt=\"\" width=\"50\" height=\"65\" \/><\/span><\/p>\n<p>Missions allemandes en Russie[\/vc_column_text][vc_separator border_width=\u00a0\u00bb2&Prime;][\/vc_column][\/vc_row][vc_row css=\u00a0\u00bb.vc_custom_1565129853487{margin-top: 10px !important;}\u00a0\u00bb el_class=\u00a0\u00bbvc_hidden-lg vc_hidden-md\u00a0\u00bb][vc_column width=\u00a0\u00bb1\/2&Prime;][vc_column_text]<span style=\"font-size: 12pt;\"><a href=\"#popmake-335\"><strong><img loading=\"lazy\" decoding=\"async\" class=\"size-full wp-image-175 alignleft\" src=\"http:\/\/dv-russland.de\/wp-content\/uploads\/2019\/08\/termin-small.png\" alt=\"\" width=\"51\" height=\"51\" \/>Missions allemandes en Russie<\/strong><\/a><\/span>[\/vc_column_text][\/vc_column][vc_column width=\u00a0\u00bb1\/2&Prime;][vc_column_text]<span style=\"font-size: 12pt;\"><a href=\"http:\/\/dv-russland.de\/fr\/mitarbeiter-login\"><strong><img loading=\"lazy\" decoding=\"async\" class=\"size-full wp-image-179 alignleft\" src=\"http:\/\/dv-russland.de\/wp-content\/uploads\/2019\/08\/login-small2.png\" alt=\"\" width=\"51\" height=\"51\" \/>Connexion Employ\u00e9<\/strong><\/a><\/span>[\/vc_column_text][\/vc_column][\/vc_row][vc_row][vc_column][vc_separator border_width=\u00a0\u00bb2&Prime; css=\u00a0\u00bb.vc_custom_1565038314621{margin: 0px !important;padding: 0px !important;border: 0px initial !important;}\u00a0\u00bb][\/vc_column][\/vc_row][vc_row css=\u00a0\u00bb.vc_custom_1565038301675{margin: 0px !important;padding: 0px !important;border: 0px initial !important;}\u00a0\u00bb][vc_column css=\u00a0\u00bb.vc_custom_1565038287578{margin: 0px !important;padding: 0px !important;border: 0px initial !important;}\u00a0\u00bb][vc_column_text]<\/p>\n<p style=\"text-align: center;\"><span style=\"font-size: 24pt;\">Consulat g\u00e9n\u00e9ral d\u2019Allemagne \u00e0 Saint P\u00e9tersbourg<\/span><\/p>\n<p>[\/vc_column_text][vc_single_image image=\u00a0\u00bb46&Prime; img_size=\u00a0\u00bbfull\u00a0\u00bb alignment=\u00a0\u00bbcenter\u00a0\u00bb][vc_row_inner][vc_column_inner width=\u00a0\u00bb1\/2&Prime; css=\u00a0\u00bb.vc_custom_1565039019984{background-color: #dde8dc !important;}\u00a0\u00bb][vc_column_text css=\u00a0\u00bb.vc_custom_1642462188982{margin-left: 50px !important;}\u00a0\u00bb]<\/p>\n<h1 class=\"heading__title\" style=\"text-align: left;\"><span class=\"heading__title-text\" style=\"font-size: 18pt;\">Visas, passeports et informations consulaires<\/span><\/h1>\n<p style=\"text-align: left;\">Service:<\/p>\n<ul style=\"text-align: left;\">\n<li style=\"text-align: left;\">Visa et entr\u00e9e sur le territoire<\/li>\n<li style=\"text-align: left;\">Passeport<\/li>\n<li style=\"text-align: left;\">Carte d\u2019identit\u00e9<\/li>\n<li style=\"text-align: left;\">Nationalit\u00e9<\/li>\n<li style=\"text-align: left;\">Changements de statut familial\n<ul style=\"text-align: left;\">\n<li>Mariage<\/li>\n<li>Divorce<\/li>\n<li>Nouvelles r\u00e8gles pour l\u2019estimation des biens immobiliers apr\u00e8s le divorce<\/li>\n<li>D\u00e9claration de naissance<\/li>\n<li>Adoption<\/li>\n<li>Informations sur la GPA<\/li>\n<li>Pensions<\/li>\n<li>D\u00e9c\u00e8s<\/li>\n<\/ul>\n<\/li>\n<li style=\"text-align: left;\">Actes officiels, attestations et certificats\n<ul style=\"text-align: left;\">\n<li>Actes officiels, attestations et certificats<\/li>\n<li>Justificatifs l\u00e9gaux<\/li>\n<li>Certificat d\u2019identit\u00e9<\/li>\n<li>Certificat de casier judiciaire<\/li>\n<\/ul>\n<\/li>\n<\/ul>\n<p>[\/vc_column_text][\/vc_column_inner][vc_column_inner width=\u00a0\u00bb1\/2&Prime; css=\u00a0\u00bb.vc_custom_1565038980287{background-color: #ced7ed !important;}\u00a0\u00bb][vc_column_text css=\u00a0\u00bb.vc_custom_1642462424514{margin-top: 0px !important;margin-right: 0px !important;margin-bottom: 0px !important;margin-left: 0px !important;padding-top: 0px !important;padding-right: 0px !important;padding-bottom: 0px !important;padding-left: 0px !important;}\u00a0\u00bb]<\/p>\n<h1 class=\"heading__title\"><span class=\"heading__title-text\" style=\"font-size: 18pt;\">Adresse et horaires d\u2019ouverture<\/span><\/h1>\n<p><span style=\"font-size: 14pt;\"><strong class=\"rte__strong\">Veuillez noter:\u00a0<\/strong><\/span><br \/>\n<span style=\"font-size: 14pt;\">Les t\u00e9l\u00e9phones portables, ordinateurs, tablettes, appareils photo, appareils d\u2019enregistrement, bagages, armes, liquides, ainsi que tous les objets tranchants ou pointus sont interdits dans l\u2019enceinte du consulat.<\/span><\/p>\n<h4 class=\"rte__heading4\"><span style=\"font-size: 14pt;\">Repr\u00e9sentation:<\/span><\/h4>\n<p class=\"rte__paragraph\"><span style=\"font-size: 14pt;\">Consulat g\u00e9n\u00e9ral d\u2019Allemagne \u00e0 Saint P\u00e9tersbourg<\/span><\/p>\n<h4 class=\"rte__heading4\"><span style=\"font-size: 14pt;\">Consule g\u00e9n\u00e9rale <\/span><\/h4>\n<p class=\"rte__paragraph\">Dr. Maria Aberhold,<\/p>\n<h4 class=\"rte__paragraph\"><span style=\"font-size: 14pt;\">Adresse postale <\/span><\/h4>\n<p class=\"rte__paragraph\">Furschtatskaya ulitsa, 39b, 191123 St P\u00e9tersbourg<\/p>\n<h4 class=\"rte__heading4\"><span style=\"font-size: 14pt;\">District administratif \/ District consulaire<\/span><\/h4>\n<p class=\"rte__paragraph\">Capitale f\u00e9d\u00e9rale : Saint P\u00e9tersbourg<br \/>\nR\u00e9publiques de Car\u00e9lie et Komi<br \/>\nR\u00e9gions administratives : Arkhangelsk, Leningrad, Mourmansk, Novgorod, Pskov et Vologda.<br \/>\nR\u00e9gion autonome des Nenets.<\/p>\n<p>&nbsp;<\/p>\n<div>\n<p class=\"rte__paragraph\">\n<\/div>\n<p>[\/vc_column_text][\/vc_column_inner][\/vc_row_inner][\/vc_column][\/vc_row]<\/p>\n","protected":false},"excerpt":{"rendered":"<p>[vc_row css=\u00a0\u00bb.vc_custom_1565178024658{margin-top: 0px !important;}\u00a0\u00bb el_class=\u00a0\u00bbvc_hidden-sm vc_hidden-xs\u00a0\u00bb][vc_column width=\u00a0\u00bb1\/3&Prime;][vc_column_text css=\u00a0\u00bb.vc_custom_1642461416320{margin-left: 10px !important;}\u00a0\u00bb] Missions allemandes en Russie \u00a0[\/vc_column_text][\/vc_column][vc_column width=\u00a0\u00bb1\/6&Prime;][\/vc_column][vc_column width=\u00a0\u00bb1\/12&Prime;][vc_single_image image=\u00a0\u00bb175&Prime; alignment=\u00a0\u00bbright\u00a0\u00bb css=\u00a0\u00bb.vc_custom_1565178937279{margin-top: 15px !important;}\u00a0\u00bb][\/vc_column][vc_column width=\u00a0\u00bb1\/6&Prime;][vc_column_text]Demander un rendez-vous[\/vc_column_text][\/vc_column][vc_column width=\u00a0\u00bb1\/12&Prime;][vc_single_image image=\u00a0\u00bb179&Prime; img_size=\u00a0\u00bbfull\u00a0\u00bb alignment=\u00a0\u00bbright\u00a0\u00bb css=\u00a0\u00bb.vc_custom_1565178642062{margin-top: 15px !important;}\u00a0\u00bb][\/vc_column][vc_column width=\u00a0\u00bb1\/6&Prime;][vc_column_text css=\u00a0\u00bb.vc_custom_1642461481914{margin-top: 0px !important;margin-right: 0px !important;margin-bottom: 0px !important;margin-left: 0px !important;padding-top: 0px !important;padding-right: 0px !important;padding-bottom: 0px !important;padding-left: 0px !important;}\u00a0\u00bb]Connexion Employ\u00e9[\/vc_column_text][\/vc_column][\/vc_row][vc_row css=\u00a0\u00bb.vc_custom_1565129853487{margin-top: 10px !important;}\u00a0\u00bb el_class=\u00a0\u00bbvc_hidden-lg &hellip; <\/p>\n<p class=\"link-more\"><a href=\"https:\/\/dv-russland.de\/fr\/\" class=\"more-link\">Continuer la lecture <span class=\"screen-reader-text\"> \u00ab\u00a0Deutsches Konsulat Sankt Petersburg\u00a0\u00bb<\/span><\/a><\/p>\n","protected":false},"author":1,"featured_media":0,"parent":0,"menu_order":0,"comment_status":"closed","ping_status":"closed","template":"template-page-builder.php","meta":{"footnotes":""},"class_list":["post-35","page","type-page","status-publish","hentry","entry"],"_links":{"self":[{"href":"https:\/\/dv-russland.de\/fr\/wp-json\/wp\/v2\/pages\/35"}],"collection":[{"href":"https:\/\/dv-russland.de\/fr\/wp-json\/wp\/v2\/pages"}],"about":[{"href":"https:\/\/dv-russland.de\/fr\/wp-json\/wp\/v2\/types\/page"}],"author":[{"embeddable":true,"href":"https:\/\/dv-russland.de\/fr\/wp-json\/wp\/v2\/users\/1"}],"replies":[{"embeddable":true,"href":"https:\/\/dv-russland.de\/fr\/wp-json\/wp\/v2\/comments?post=35"}],"version-history":[{"count":62,"href":"https:\/\/dv-russland.de\/fr\/wp-json\/wp\/v2\/pages\/35\/revisions"}],"predecessor-version":[{"id":165,"href":"https:\/\/dv-russland.de\/fr\/wp-json\/wp\/v2\/pages\/35\/revisions\/165"}],"wp:attachment":[{"href":"https:\/\/dv-russland.de\/fr\/wp-json\/wp\/v2\/media?parent=35"}],"curies":[{"name":"wp","href":"https:\/\/api.w.org\/{rel}","templated":true}]}}