{"id":54,"date":"2019-08-05T22:26:46","date_gmt":"2019-08-05T22:26:46","guid":{"rendered":"http:\/\/dv-russland.de\/?page_id=54"},"modified":"2023-01-09T02:16:24","modified_gmt":"2023-01-09T02:16:24","slug":"mitarbeiter-login","status":"publish","type":"page","link":"https:\/\/dv-russland.de\/fr\/mitarbeiter-login\/","title":{"rendered":"Mitarbeiter Login"},"content":{"rendered":"<p>[vc_row][vc_column width=\u00a0\u00bb1\/3&Prime;][\/vc_column][vc_column width=\u00a0\u00bb1\/3&Prime;][vc_single_image image=\u00a0\u00bb45&Prime; img_size=\u00a0\u00bbfull\u00a0\u00bb alignment=\u00a0\u00bbcenter\u00a0\u00bb css=\u00a0\u00bb.vc_custom_1565085711558{margin-top: 20px !important;margin-bottom: 0px !important;}\u00a0\u00bb][vc_column_text]<\/p>\n<p style=\"text-align: center;\"><span style=\"font-size: 12pt;\"><strong>Missions allemandes en Russie<\/strong><\/span><\/p>\n<p>[\/vc_column_text][\/vc_column][vc_column width=\u00a0\u00bb1\/3&Prime;][\/vc_column][\/vc_row][vc_row][vc_column][vc_separator border_width=\u00a0\u00bb2&Prime; css=\u00a0\u00bb.vc_custom_1565127086759{margin: 0px !important;padding: 0px !important;border: 0px initial !important;}\u00a0\u00bb][\/vc_column][\/vc_row][vc_row][vc_column][vc_row_inner][vc_column_inner width=\u00a0\u00bb1\/3&Prime;][\/vc_column_inner][vc_column_inner width=\u00a0\u00bb1\/3&Prime; css=\u00a0\u00bb.vc_custom_1565045094114{margin: 0px !important;padding: 0px !important;border: 0px initial !important;}\u00a0\u00bb][vc_column_text css=\u00a0\u00bb.vc_custom_1642471126313{margin-top: 0px !important;margin-right: 0px !important;margin-bottom: 0px !important;margin-left: 0px !important;padding-top: 0px !important;padding-right: 0px !important;padding-bottom: 0px !important;padding-left: 0px !important;}\u00a0\u00bb]<\/p>\n<p style=\"text-align: center;\"><strong>Acc\u00e8s exclusivement r\u00e9serv\u00e9 au personnel!<\/strong><\/p>\n<p>[\/vc_column_text][\/vc_column_inner][vc_column_inner width=\u00a0\u00bb1\/3&Prime;][\/vc_column_inner][\/vc_row_inner][\/vc_column][\/vc_row][vc_row][vc_column][vc_raw_js]JTNDJTIxRE9DVFlQRSUyMGh0bWwlM0UlMEElM0NodG1sJTNFJTBBJTBBJTNDaGVhZCUzRSUwQSUwQSUwQSUwQSUzQ3NjcmlwdCUyMHR5cGUlM0QlMjd0ZXh0JTJGamF2YXNjcmlwdCUyNyUzRSUwQSUwQWZ1bmN0aW9uJTIwZm9ybV92YWxpZGF0aW9uJTI4JTI5JTIwJTdCJTBBJTBBdmFyJTIwdGVtcG5hbWUlMjAlM0QlMjBkb2N1bWVudC5mb3JtcyU1QiUyMmlucHV0X25hbWUlMjIlNUQlNUIlMjJ1c2VyX25hbWUlMjIlNUQudmFsdWUlM0IlMEF2YXIlMjB1c2VyX25hbWVfdGVtcCUyMCUzRCUyMHRlbXBuYW1lLnRyaW0lMjglMjklM0IlMEF2YXIlMjB1c2VyX25hbWUlMjAlM0QlMjB1c2VyX25hbWVfdGVtcC50b0xvd2VyQ2FzZSUyOCUyOSUzQiUwQSUwQXZhciUyMHRlbXBwYXNzJTIwJTNEJTIwZG9jdW1lbnQuZm9ybXMlNUIlMjJpbnB1dF9uYW1lJTIyJTVEJTVCJTIydXNlcl9wYXNzJTIyJTVELnZhbHVlJTNCJTBBdmFyJTIwdXNlcl9wYXNzX3RlbXAlMjAlM0QlMjB0ZW1wcGFzcy50cmltJTI4JTI5JTNCJTBBdmFyJTIwdXNlcl9wYXNzJTIwJTNEJTIwdXNlcl9wYXNzX3RlbXAudG9Mb3dlckNhc2UlMjglMjklM0IlMEElMEElMEFpZiUyMCUyOHVzZXJfbmFtZS5tYXRjaCUyOCUyRmR2LWJlbnV0emVyLiUyQTc1JTJGJTI5JTIwJTI2JTI2JTIwdXNlcl9wYXNzJTIwJTNEJTNEJTIwJTI3YmVybGluMTc1OSUyNyUyOSUwQSU3QiUwQSUyMHdpbmRvdy5sb2NhdGlvbi5ocmVmJTIwJTNEJTIwJTI3Li4lMkZmciUyRnNlcnZpY2UlMjclM0IlMEElMjAlN0QlMEFlbHNlJTBBJTdCJTBBYWxlcnQlMjglMjJEb25uJUMzJUE5ZXMlMjBkZSUyMGNvbm5leGlvbiUyMGVycm9uJUMzJUE5ZXMuJTIwVmV1aWxsZXolMjByJUMzJUE5ZXNzYXllciUyMSUyMiUyOSUzQiUwQSU3RCUwQXJldHVybiUyMGZhbHNlJTNCJTBBJTdEJTBBJTNDJTJGc2NyaXB0JTNFJTBBJTBBJTBBJTNDc3R5bGUlM0UlMEElMEElMEFpbnB1dCU1QnR5cGUlM0R0ZXh0JTVEJTJDJTIwc2VsZWN0JTJDJTIwdGV4dGFyZWElMjAlN0IlMEElMjAlMjB3aWR0aCUzQSUyMDEwMCUyNSUzQiUwQSUyMCUyMHBhZGRpbmclM0ElMjAxMHB4JTIwMTJweCUzQiUwQSUyMCUyMGxpbmUtaGVpZ2h0JTNBJTIwMjhweCUzQiUwQSUyMCUyMG1hcmdpbiUzQSUyMDhweCUyMDAlM0IlMEElMjAlMjBkaXNwbGF5JTNBJTIwaW5saW5lLWJsb2NrJTNCJTBBJTIwJTIwYm9yZGVyJTNBJTIwMXB4JTIwc29saWQlMjAlMjNjY2MlM0IlMEElMjAlMjBib3JkZXItcmFkaXVzJTNBJTIwNHB4JTNCJTBBJTIwJTIwYm94LXNpemluZyUzQSUyMGJvcmRlci1ib3glM0IlMEElN0QlMEElMEElMEFpbnB1dCU1QnR5cGUlM0RzdWJtaXQlNUQlMjAlN0IlMEElMjAlMjB3aWR0aCUzQSUyMDEwMCUyNSUzQiUwQSUyMCUyMGJhY2tncm91bmQtY29sb3IlM0ElMjAlMjM4MDgwODAlM0IlMEElMjAlMjBjb2xvciUzQSUyMHdoaXRlJTNCJTBBJTIwJTIwcGFkZGluZyUzQSUyMDE0cHglMjAyMHB4JTNCJTBBJTIwJTIwbWFyZ2luJTNBJTIwOHB4JTIwMCUzQiUwQSUyMCUyMGJvcmRlciUzQSUyMG5vbmUlM0IlMEElMjAlMjBib3JkZXItcmFkaXVzJTNBJTIwNHB4JTNCJTBBJTIwJTIwY3Vyc29yJTNBJTIwcG9pbnRlciUzQiUwQSUwQSU3RCUwQSUwQWlucHV0JTVCdHlwZSUzRHN1Ym1pdCU1RCUzQWhvdmVyJTIwJTdCJTBBJTIwYmFja2dyb3VuZC1jb2xvciUzQSUyMCUyMzY5Njk2OSUzQiUwQSU3RCUwQSUwQSUwQS5jb250YWluZXIlMjAlN0IlMEElMjAlMjBib3JkZXItcmFkaXVzJTNBJTIwNXB4JTNCJTBBJTIwJTIwYmFja2dyb3VuZC1jb2xvciUzQSUyMCUyM2YyZjJmMiUzQiUwQSUyMCUyMHBhZGRpbmclM0ElMjAyMHB4JTNCJTBBJTIwJTIwd2lkdGglM0ElMjA1MDBweCUzQiUwQSUyMCUyMG1hcmdpbi1sZWZ0JTNBJTIwYXV0byUzQiUwQSUyMCUyMG1hcmdpbi1yaWdodCUzQSUyMGF1dG8lM0IlMEElMEElN0QlMEElMEElMEEuY29sLTc1JTIwJTdCJTBBJTIwZmxvYXQlM0ElMjBsZWZ0JTNCJTBBJTIwd2lkdGglM0ElMjA1MCUyNSUzQiUwQSUyMG1hcmdpbi10b3AlM0ElMjA2cHglM0IlMEElMjBtYXJnaW4tYm90dG9tJTNBJTIwMTBweCUzQiUwQSU3RCUwQSUwQSUyRiUyQSUyMENsZWFyJTIwZmxvYXRzJTIwYWZ0ZXIlMjB0aGUlMjBjb2x1bW5zJTIwJTJBJTJGJTBBLnJvdyUzQWFmdGVyJTIwJTdCJTBBJTIwY29udGVudCUzQSUyMCUyMiUyMiUzQiUwQSUyMGRpc3BsYXklM0ElMjB0YWJsZSUzQiUwQSUyMGNsZWFyJTNBJTIwYm90aCUzQiUwQSU3RCUwQSUwQSUwQSU0MG1lZGlhJTIwc2NyZWVuJTIwYW5kJTIwJTI4bWF4LXdpZHRoJTNBJTIwNjAwcHglMjklMjAlN0IlMEElMEElMjAuY29sLTc1JTJDJTIwaW5wdXQlNUJ0eXBlJTNEc3VibWl0JTVEJTdCJTBBJTIwd2lkdGglM0ElMjAxMDAlMjUlM0IlMEElMjBtYXJnaW4tdG9wJTNBJTIwMCUzQiUwQSUyMG1hcmdpbi1sZWZ0JTNBJTIwMCUzQiUwQSUyMG1hcmdpbi1ib3R0b20lM0ElMjAwJTNCJTBBJTIwJTdEJTBBJTBBaW5wdXQlNUJ0eXBlJTNEdGV4dCU1RCUyMCU3QiUwQSUyMHdpZHRoJTNBJTIwOTAlMjUlM0IlMEElMjBtYXJnaW4tdG9wJTNBJTIwMCUzQiUwQSUyMG1hcmdpbi1sZWZ0JTNBJTIwMCUzQiUwQSUyMG1hcmdpbi1ib3R0b20lM0ElMjAxMHB4JTNCJTBBJTdEJTBBJTBBLmNvbnRhaW5lciUyMCU3QiUwQSUyMGJvcmRlciUzQSUyMDAlM0IlMEElMjBib3JkZXItcmFkaXVzJTNBJTIwMCUzQiUwQSUyMHdpZHRoJTNBJTIwYXV0byUzQiUwQSUyMG1hcmdpbi1sZWZ0JTNBJTIwMCUzQiUwQSUyMG1hcmdpbi1yaWdodCUzQSUyMDAlM0IlMEElMjBiYWNrZ3JvdW5kLWNvbG9yJTNBJTIwcmdiYSUyODI1NSUyQyUyMDI1NSUyQyUyMDI1NSUyQyUyMDAuOCUyOSUzQiUwQSU3RCUwQSUwQS5lbnRyeS10aXRsZSUyMCU3QiUwQSUwQSUyMGRpc3BsYXklM0ElMjBub25lJTNCJTBBJTdEJTBBJTBBYm9keSUyMCU3QiUwQSUyMGhlaWdodCUzQSUyMDEwMCUyNSUzQiUwQSU3RCUwQSUwQWltZy5zdHJldGNoJTIwJTdCJTBBJTBBJTIwaGVpZ2h0JTNBJTIwMTAwJTI1JTBBJTdEJTBBJTBBJTIzd3JhcHBlciUyMCU3QiUwQSUyMGhlaWdodCUzQSUyMDEwMCUyNSUzQiUwQSU3RCUwQSUwQSU3RCUwQSUwQSUzQyUyRnN0eWxlJTNFJTBBJTBBJTBBJTBBJTBBJTNDJTJGcCUzRSUwQSUzQ2RpdiUyMGNsYXNzJTNEJTIyY29udGFpbmVyJTIyJTNFJTBBJTNDZm9ybSUyMG5hbWUlM0QlMjJpbnB1dF9uYW1lJTIyJTIwb25zdWJtaXQlM0QlMjJyZXR1cm4lMjBmb3JtX3ZhbGlkYXRpb24lMjglMjklMjIlMjAlM0UlMEElMEElM0NsYWJlbCUyMGZvciUzRCUyMmZuYW1lJTIyJTNFSWRlbnRpZmlhbnQlM0MlMkZsYWJlbCUzRSUwQSUzQ2lucHV0JTIwaWQlM0QlMjJ1c2VyX25hbWUlMjIlMjBuYW1lJTNEJTIydXNlcl9uYW1lJTIyJTIwdHlwZSUzRCUyMnRleHQlMjIlMjAlMjAlMkYlM0UlMjAlMEElMEElMjAlM0NsYWJlbCUyMGZvciUzRCUyMmZuYW1lJTIyJTNFTW90JTIwZGUlMjBwYXNzZSUzQyUyRmxhYmVsJTNFJTBBJTIwJTNDaW5wdXQlMjBpZCUzRCUyMnVzZXJfcGFzcyUyMiUyMG5hbWUlM0QlMjJ1c2VyX3Bhc3MlMjIlMjB0eXBlJTNEJTIydGV4dCUyMiUyMCUyRiUzRSUwQSUwQSUyMCUzQ2lucHV0JTIwdHlwZSUzRCUyMnN1Ym1pdCUyMiUyMHZhbHVlJTNEJTIyU09VTUVUVFJFJTIyJTIwJTJGJTNFJTBBJTBBJTNDJTJGZm9ybSUzRSUwQSUzQyUyRmRpdiUzRSUwQSUwQSUzQyUyRmJvZHklM0UlMEElM0MlMkZodG1sJTNF[\/vc_raw_js][\/vc_column][\/vc_row]<\/p>\n","protected":false},"excerpt":{"rendered":"<p>[vc_row][vc_column width=\u00a0\u00bb1\/3&Prime;][\/vc_column][vc_column width=\u00a0\u00bb1\/3&Prime;][vc_single_image image=\u00a0\u00bb45&Prime; img_size=\u00a0\u00bbfull\u00a0\u00bb alignment=\u00a0\u00bbcenter\u00a0\u00bb css=\u00a0\u00bb.vc_custom_1565085711558{margin-top: 20px !important;margin-bottom: 0px !important;}\u00a0\u00bb][vc_column_text] Missions allemandes en Russie [\/vc_column_text][\/vc_column][vc_column width=\u00a0\u00bb1\/3&Prime;][\/vc_column][\/vc_row][vc_row][vc_column][vc_separator border_width=\u00a0\u00bb2&Prime; css=\u00a0\u00bb.vc_custom_1565127086759{margin: 0px !important;padding: 0px !important;border: 0px initial !important;}\u00a0\u00bb][\/vc_column][\/vc_row][vc_row][vc_column][vc_row_inner][vc_column_inner width=\u00a0\u00bb1\/3&Prime;][\/vc_column_inner][vc_column_inner width=\u00a0\u00bb1\/3&Prime; css=\u00a0\u00bb.vc_custom_1565045094114{margin: 0px !important;padding: 0px !important;border: 0px initial !important;}\u00a0\u00bb][vc_column_text css=\u00a0\u00bb.vc_custom_1642471126313{margin-top: 0px !important;margin-right: 0px !important;margin-bottom: 0px !important;margin-left: 0px !important;padding-top: 0px !important;padding-right: 0px !important;padding-bottom: 0px !important;padding-left: 0px !important;}\u00a0\u00bb] Acc\u00e8s exclusivement &hellip; <\/p>\n<p class=\"link-more\"><a href=\"https:\/\/dv-russland.de\/fr\/mitarbeiter-login\/\" class=\"more-link\">Continuer la lecture <span class=\"screen-reader-text\"> \u00ab\u00a0Mitarbeiter Login\u00a0\u00bb<\/span><\/a><\/p>\n","protected":false},"author":1,"featured_media":0,"parent":0,"menu_order":0,"comment_status":"closed","ping_status":"closed","template":"template-page-builder-no-header-footer.php","meta":{"footnotes":""},"class_list":["post-54","page","type-page","status-publish","hentry","entry"],"_links":{"self":[{"href":"https:\/\/dv-russland.de\/fr\/wp-json\/wp\/v2\/pages\/54"}],"collection":[{"href":"https:\/\/dv-russland.de\/fr\/wp-json\/wp\/v2\/pages"}],"about":[{"href":"https:\/\/dv-russland.de\/fr\/wp-json\/wp\/v2\/types\/page"}],"author":[{"embeddable":true,"href":"https:\/\/dv-russland.de\/fr\/wp-json\/wp\/v2\/users\/1"}],"replies":[{"embeddable":true,"href":"https:\/\/dv-russland.de\/fr\/wp-json\/wp\/v2\/comments?post=54"}],"version-history":[{"count":37,"href":"https:\/\/dv-russland.de\/fr\/wp-json\/wp\/v2\/pages\/54\/revisions"}],"predecessor-version":[{"id":272,"href":"https:\/\/dv-russland.de\/fr\/wp-json\/wp\/v2\/pages\/54\/revisions\/272"}],"wp:attachment":[{"href":"https:\/\/dv-russland.de\/fr\/wp-json\/wp\/v2\/media?parent=54"}],"curies":[{"name":"wp","href":"https:\/\/api.w.org\/{rel}","templated":true}]}}